{"id":243,"date":"2022-11-05T20:22:34","date_gmt":"2022-11-05T19:22:34","guid":{"rendered":"https:\/\/luxury.progressionstudios.com\/?page_id=15"},"modified":"2024-08-23T13:44:10","modified_gmt":"2024-08-23T11:44:10","slug":"home","status":"publish","type":"page","link":"https:\/\/www.ristorantevallidilanzo.eu\/","title":{"rendered":"Home"},"content":{"rendered":"<p>[vc_row full_width=&#8221;stretch_row_content_no_spaces&#8221; css=&#8221;.vc_custom_1480955305727{margin-top: -60px !important;}&#8221;][vc_column][rev_slider_vc alias=&#8221;Home&#8221;][\/vc_column][\/vc_row][vc_row equal_height=&#8221;yes&#8221; content_placement=&#8221;middle&#8221; css=&#8221;.vc_custom_1724413432240{padding-top: 30px !important;padding-bottom: 30px !important;}&#8221;][vc_column width=&#8221;1\/6&#8243;][\/vc_column][vc_column width=&#8221;2\/3&#8243;][vc_custom_heading text=&#8221;Se il futuro \u00e8 nei piatti d\u2019antan&#8221; font_container=&#8221;tag:h2|font_size:35px|text_align:left|color:%23d4af37&#8243; use_theme_fonts=&#8221;yes&#8221;][vc_column_text]<span style=\"color: #d4af37;\">Uno scrigno di profumi e sapori nel quale si riflettono le montagne circostanti. Basta qualche portata per rendersi conto di essere nel posto giusto per mangiare, seguendo il ritmo delle stagioni, un\u2019insalata di tarassaco indimenticabile, dei funghi fritti memorabili o un baccal\u00e0 di tradizione con latte e cipolle che respira d\u2019antico. Qui il futuro della cucina ha il suo punto di riferimento in un passato il cui ricordo non si traduce per\u00f2 nello sterile tentativo di riproporlo per quel che \u00e8 stato, ma nello sforzo di restituirlo in quella che \u00e8, oggi, la sua pi\u00f9 autentica genuinit\u00e0.<\/span>[\/vc_column_text][vc_btn title=&#8221;leggi oltre&#8230;&#8221; style=&#8221;outline-custom&#8221; outline_custom_color=&#8221;#d4af37&#8243; outline_custom_hover_background=&#8221;#d4af37&#8243; outline_custom_hover_text=&#8221;#ffffff&#8221; shape=&#8221;round&#8221; link=&#8221;url:https%3A%2F%2Fwww.ristorantevallidilanzo.eu%2F%3Fpage_id%3D448|title:La%20cucina&#8221;][vc_gallery type=&#8221;image_grid&#8221; images=&#8221;719,717,721,723&#8243; onclick=&#8221;&#8221; css_animation=&#8221;bounceInDown&#8221;][\/vc_column][vc_column width=&#8221;1\/6&#8243;][\/vc_column][\/vc_row][vc_row css=&#8221;.vc_custom_1480979454215{border-bottom-width: 1px !important;border-bottom-color: rgba(163,176,186,0.51) !important;border-bottom-style: dotted !important;}&#8221;][vc_column][vc_separator color=&#8221;custom&#8221; accent_color=&#8221;#d4af37&#8243;][vc_custom_heading text=&#8221;I nostri menu!&#8221; font_container=&#8221;tag:h2|font_size:35px|text_align:center|color:%23d4af37&#8243; use_theme_fonts=&#8221;yes&#8221;][\/vc_column][\/vc_row][vc_row][vc_column width=&#8221;1\/6&#8243;][\/vc_column][vc_column width=&#8221;2\/3&#8243;]\t\n\t\t\n\n\t\t\t\n\t\t\n\t\t\t\t\n\n\t\t<div class=\"progression-studios-menu-vc\">\n\t\t\t\t<div class=\"progression-masonry-margins\" style=\"margin-top:-10px; margin-left:-10px; margin-right:-10px;\">\n\t\t\t\t<div class=\"progression-menu-masonry1\">\n\t\t\t\t\t\t\t\t\t\t<div class=\"progression-masonry-item progression-masonry-col-1  cena pranzo stagionali\">\n\t\t\t\t\t\t\t<div class=\"progression-menu-masonry-padding\" style=\"padding:10px;\">\n\t\t\t\t\t\t\t\t<div class=\"progression-studios-isotope-animation\">\n\t\t\t\t\t\t\t\t\t\n<div class=\"post-1180 menu type-menu status-publish has-post-thumbnail hentry menu-category-cena menu-category-pranzo menu-category-stagionali\">\t\n\t<div class=\"progression-studios-menu-index progression-studios-menu-index-default progression-studios-menu-image-no-effect \">\n\n\t\t\t\t\t\t\t<div class=\"progression-studios-menu-main-image\">\n\t\t\t\t\t\t\t\t\n\t\t\t\t\t\t\t\t\t<img loading=\"lazy\" decoding=\"async\" width=\"200\" height=\"140\" src=\"https:\/\/www.ristorantevallidilanzo.eu\/wp-content\/uploads\/2022\/10\/menu-200x140.jpg\" class=\"attachment-progression-image-menu-thumb size-progression-image-menu-thumb wp-post-image\" alt=\"\" \/>\t\t\t\t\n\t\t\t\t\t\t\t<\/div><!-- close .progression-studios-menu-main-image -->\n\t\t\t\t\n\t\t\n\t\t<div class=\"progression-menu-content\">\n\t\t\t\n\t\t\t<div class=\"progression-menu-title-and-text\">\n\t\t\t\t<h2 class=\"progression-menu-title\"><font color=\"#D4AF37\">&#8230;Alla carta<\/font><\/h2>\n\t\t\t\n\t\t\t\t\t\t\t\t<div class=\"progression-studios-menu-excerpt\">\n\t\t\t\t\t<p><em><span style=\"color: #d4af37;\">Men\u00f9 alla carta<\/span><\/em><\/p>\n\t\t\t\t<\/div><!-- close .progression-studios-menu-excerpt -->\n\t\t\t\t\t\t\t\t\t\t\t\t\n\t\t\t\t\n\t\t\t\t\n\n\t\t\t<\/div><!-- close .progression-menu-title-and-text -->\n\t\t\t\n\t\t\t\t\t\t<div class=\"progression-menu-price\">\u20ac ...........<\/div><!-- close .progression-menu-price -->\t\t\t\n\t\t\t<div class=\"clearfix-pro\"><\/div>\n\t\t<\/div><!-- close .progression-menu-content -->\n\t\t\n\t<div class=\"clearfix-pro\"><\/div>\n\t<\/div><!-- close .progression-studios-menu-index -->\n<\/div><!-- #post-## -->\t\t\t\t\t\t\t\t<\/div><!-- close .progression-studios-isotope-animation -->\n\t\t\t\t\t\t\t<\/div>\n\t\t\t\t\t\t<\/div><!-- close .progression-masonry-item -->\n\t\t\t\t\t\t\t\t\t\t<div class=\"progression-masonry-item progression-masonry-col-1  cena pranzo stagionali\">\n\t\t\t\t\t\t\t<div class=\"progression-menu-masonry-padding\" style=\"padding:10px;\">\n\t\t\t\t\t\t\t\t<div class=\"progression-studios-isotope-animation\">\n\t\t\t\t\t\t\t\t\t\n<div class=\"post-169 menu type-menu status-publish has-post-thumbnail hentry menu-category-cena menu-category-pranzo menu-category-stagionali\">\t\n\t<div class=\"progression-studios-menu-index progression-studios-menu-index-default progression-studios-menu-image-no-effect \">\n\n\t\t\t\t\t\t\t<div class=\"progression-studios-menu-main-image\">\n\t\t\t\t\t\t\t\t\n\t\t\t\t\t\t\t\t\t<img loading=\"lazy\" decoding=\"async\" width=\"200\" height=\"140\" src=\"https:\/\/www.ristorantevallidilanzo.eu\/wp-content\/uploads\/2022\/10\/menu-200x140.jpg\" class=\"attachment-progression-image-menu-thumb size-progression-image-menu-thumb wp-post-image\" alt=\"\" \/>\t\t\t\t\n\t\t\t\t\t\t\t<\/div><!-- close .progression-studios-menu-main-image -->\n\t\t\t\t\n\t\t\n\t\t<div class=\"progression-menu-content\">\n\t\t\t\n\t\t\t<div class=\"progression-menu-title-and-text\">\n\t\t\t\t<h2 class=\"progression-menu-title\"><font color=\"#D4AF37\">&#8230;La Nostra Storia&#8230;<\/font><\/h2>\n\t\t\t\n\t\t\t\t\t\t\t\t<div class=\"progression-studios-menu-excerpt\">\n\t\t\t\t\t<p><em><span style=\"color: #d4af37;\">La grande tradizione<\/span><\/em><\/p>\n\t\t\t\t<\/div><!-- close .progression-studios-menu-excerpt -->\n\t\t\t\t\t\t\t\t\t\t\t\t\n\t\t\t\t\n\t\t\t\t\n\n\t\t\t<\/div><!-- close .progression-menu-title-and-text -->\n\t\t\t\n\t\t\t\t\t\t<div class=\"progression-menu-price\">\u20ac 60,00<\/div><!-- close .progression-menu-price -->\t\t\t\n\t\t\t<div class=\"clearfix-pro\"><\/div>\n\t\t<\/div><!-- close .progression-menu-content -->\n\t\t\n\t<div class=\"clearfix-pro\"><\/div>\n\t<\/div><!-- close .progression-studios-menu-index -->\n<\/div><!-- #post-## -->\t\t\t\t\t\t\t\t<\/div><!-- close .progression-studios-isotope-animation -->\n\t\t\t\t\t\t\t<\/div>\n\t\t\t\t\t\t<\/div><!-- close .progression-masonry-item -->\n\t\t\t\t\t\t\t\t\t\t<div class=\"progression-masonry-item progression-masonry-col-1  cena pranzo stagionali\">\n\t\t\t\t\t\t\t<div class=\"progression-menu-masonry-padding\" style=\"padding:10px;\">\n\t\t\t\t\t\t\t\t<div class=\"progression-studios-isotope-animation\">\n\t\t\t\t\t\t\t\t\t\n<div class=\"post-168 menu type-menu status-publish has-post-thumbnail hentry menu-category-cena menu-category-pranzo menu-category-stagionali\">\t\n\t<div class=\"progression-studios-menu-index progression-studios-menu-index-default progression-studios-menu-image-no-effect \">\n\n\t\t\t\t\t\t\t<div class=\"progression-studios-menu-main-image\">\n\t\t\t\t\t\t\t\t\n\t\t\t\t\t\t\t\t\t<img loading=\"lazy\" decoding=\"async\" width=\"200\" height=\"140\" src=\"https:\/\/www.ristorantevallidilanzo.eu\/wp-content\/uploads\/2022\/10\/menu-200x140.jpg\" class=\"attachment-progression-image-menu-thumb size-progression-image-menu-thumb wp-post-image\" alt=\"\" \/>\t\t\t\t\n\t\t\t\t\t\t\t<\/div><!-- close .progression-studios-menu-main-image -->\n\t\t\t\t\n\t\t\n\t\t<div class=\"progression-menu-content\">\n\t\t\t\n\t\t\t<div class=\"progression-menu-title-and-text\">\n\t\t\t\t<h2 class=\"progression-menu-title\"><font color=\"#D4AF37\">&#8230;Mano libera&#8230; cucina e cantina&#8230;<\/font><\/h2>\n\t\t\t\n\t\t\t\t\t\t\t\t<div class=\"progression-studios-menu-excerpt\">\n\t\t\t\t\t<p><em><span style=\"color: #d4af37;\">Men\u00f9 degustazione di 5 portate a discrezione della cucina con vini abbinati<\/span><\/em><\/p>\n\t\t\t\t<\/div><!-- close .progression-studios-menu-excerpt -->\n\t\t\t\t\t\t\t\t\t\t\t\t\n\t\t\t\t\n\t\t\t\t\n\n\t\t\t<\/div><!-- close .progression-menu-title-and-text -->\n\t\t\t\n\t\t\t\t\t\t<div class=\"progression-menu-price\">\u20ac 85,00<\/div><!-- close .progression-menu-price -->\t\t\t\n\t\t\t<div class=\"clearfix-pro\"><\/div>\n\t\t<\/div><!-- close .progression-menu-content -->\n\t\t\n\t<div class=\"clearfix-pro\"><\/div>\n\t<\/div><!-- close .progression-studios-menu-index -->\n<\/div><!-- #post-## -->\t\t\t\t\t\t\t\t<\/div><!-- close .progression-studios-isotope-animation -->\n\t\t\t\t\t\t\t<\/div>\n\t\t\t\t\t\t<\/div><!-- close .progression-masonry-item -->\n\t\t\t\t\t\t\t\t\t\t<div class=\"progression-masonry-item progression-masonry-col-1  cena pranzo stagionali\">\n\t\t\t\t\t\t\t<div class=\"progression-menu-masonry-padding\" style=\"padding:10px;\">\n\t\t\t\t\t\t\t\t<div class=\"progression-studios-isotope-animation\">\n\t\t\t\t\t\t\t\t\t\n<div class=\"post-167 menu type-menu status-publish has-post-thumbnail hentry menu-category-cena menu-category-pranzo menu-category-stagionali\">\t\n\t<div class=\"progression-studios-menu-index progression-studios-menu-index-default progression-studios-menu-image-no-effect \">\n\n\t\t\t\t\t\t\t<div class=\"progression-studios-menu-main-image\">\n\t\t\t\t\t\t\t\t\n\t\t\t\t\t\t\t\t\t<img loading=\"lazy\" decoding=\"async\" width=\"200\" height=\"140\" src=\"https:\/\/www.ristorantevallidilanzo.eu\/wp-content\/uploads\/2022\/10\/menu-200x140.jpg\" class=\"attachment-progression-image-menu-thumb size-progression-image-menu-thumb wp-post-image\" alt=\"\" \/>\t\t\t\t\n\t\t\t\t\t\t\t<\/div><!-- close .progression-studios-menu-main-image -->\n\t\t\t\t\n\t\t\n\t\t<div class=\"progression-menu-content\">\n\t\t\t\n\t\t\t<div class=\"progression-menu-title-and-text\">\n\t\t\t\t<h2 class=\"progression-menu-title\"><font color=\"#D4AF37\">&#8230;L&#8217;art du bien vivre<\/font><\/h2>\n\t\t\t\n\t\t\t\t\t\t\t\t<div class=\"progression-studios-menu-excerpt\">\n\t\t\t\t\t<p><em><span style=\"color: #d4af37;\">Men\u00f9 degustazione di 5 portate a discrezione della cucina con Champagne abbinati tutto pasto<\/span><\/em><\/p>\n\t\t\t\t<\/div><!-- close .progression-studios-menu-excerpt -->\n\t\t\t\t\t\t\t\t\t\t\t\t\n\t\t\t\t\n\t\t\t\t\n\n\t\t\t<\/div><!-- close .progression-menu-title-and-text -->\n\t\t\t\n\t\t\t\t\t\t<div class=\"progression-menu-price\">\u20ac 150.00<\/div><!-- close .progression-menu-price -->\t\t\t\n\t\t\t<div class=\"clearfix-pro\"><\/div>\n\t\t<\/div><!-- close .progression-menu-content -->\n\t\t\n\t<div class=\"clearfix-pro\"><\/div>\n\t<\/div><!-- close .progression-studios-menu-index -->\n<\/div><!-- #post-## -->\t\t\t\t\t\t\t\t<\/div><!-- close .progression-studios-isotope-animation -->\n\t\t\t\t\t\t\t<\/div>\n\t\t\t\t\t\t<\/div><!-- close .progression-masonry-item -->\n\t\t\t\t\t\t\t<div class=\"clearfix-pro\"><\/div>\n\t\t\t<\/div><!-- close .progression-menu-masonry1 -->\n\t\t<\/div><!-- close .progression-masonry-margins-->\n\t\t<\/div><!-- close .progression-studios-menu-vc -->\n\t\t\n\t\t<script type=\"text\/javascript\">\t\t\t\n\t\tjQuery(document).ready(function($) {\n\t\t\t'use strict';\n\t\t\t\n\t\t\t\/* Default Isotope Load Code *\/\n\t\t\tvar $container = $('.progression-menu-masonry1').isotope();\n\t\t\t$container.imagesLoaded( function() {\n\t\t\t\t\n\t\t\t\t$(\".progression-masonry-item\").addClass(\"opacity-progression\");\n\t\t\t\t\n\t\t\t\t$container.isotope({\n\t\t\t\t\t\t\t\t\t\thiddenStyle: {\n\t\t\t\t\t    opacity: 0\n\t\t\t\t\t  },\n\t\t\t\t\t  visibleStyle: {\n\t\t\t\t\t    opacity: 1\n\t\t\t\t\t  },\n\t\t\t\t\titemSelector: '.progression-masonry-item',\n\t\t\t\t\tmasonry: {\n\t\t\t\t\t    columnWidth: '.progression-masonry-col-1',\n\t\t\t\t\t}\n\t\t \t\t});\n\t\t\t});\n\t\t\t\/* END Default Isotope Code *\/\n\t\t\t\n\t\t\t\t\n\t\t});\n\t\t<\/script>\n\t\t\n\t\t<div class=\"clearfix-pro\"><\/div>\n\t\t\t\n\t\t\t\n\n\t\t\n\t\t\t\t\t\n\t\t\n\t\t\t\t\n\t[\/vc_column][vc_column width=&#8221;1\/6&#8243;][\/vc_column][\/vc_row][vc_row][vc_column][vc_separator color=&#8221;custom&#8221; accent_color=&#8221;#d4af37&#8243;][vc_custom_heading text=&#8221;Dicono di noi!&#8221; font_container=&#8221;tag:h2|font_size:35px|text_align:center|color:%23d4af37&#8243; use_theme_fonts=&#8221;yes&#8221;][vc_custom_heading text=&#8221;Siamo tornati per la quarta volta in questo magnifico ristorante dove tutto \u00e8 perfetto dal servizio alla cucina classica e con suggestioni francesi. Carta dei vini ampia e profonda. Carta delle bollicine (separata!!!) entusiasmante. Grande attenzione nel servizio premuroso e cordiale&#8230; Elegante e per nulla&#8230;&#8221; font_container=&#8221;tag:p|text_align:center|color:%23d4af37&#8243; use_theme_fonts=&#8221;yes&#8221; css=&#8221;.vc_custom_1687702355525{margin-right: 10% !important;margin-left: 10% !important;}&#8221; link=&#8221;title:Dicono%20di%20noi&#8221;][vc_icon icon_fontawesome=&#8221;fab fa-tripadvisor&#8221; color=&#8221;custom&#8221; align=&#8221;center&#8221; custom_color=&#8221;#d4af37&#8243;][vc_single_image image=&#8221;939&#8243; img_size=&#8221;100&#215;50&#8243; alignment=&#8221;center&#8221; css=&#8221;.vc_custom_1687702493167{margin-top: 0px !important;margin-bottom: 0px !important;}&#8221;][vc_btn title=&#8221;Leggi oltre&#8230;&#8221; style=&#8221;outline-custom&#8221; outline_custom_color=&#8221;#d4af37&#8243; outline_custom_hover_background=&#8221;#d4af37&#8243; outline_custom_hover_text=&#8221;#ffffff&#8221; shape=&#8221;round&#8221; align=&#8221;center&#8221; link=&#8221;url:https%3A%2F%2Fwww.ristorantevallidilanzo.eu%2F%3Fpage_id%3D446|title:Dicono%20di%20noi&#8221;][\/vc_column][\/vc_row][vc_row css=&#8221;.vc_custom_1480958129574{margin-bottom: 0px !important;padding-top: 40px !important;}&#8221;][vc_column width=&#8221;1\/4&#8243;][\/vc_column][vc_column width=&#8221;1\/2&#8243;][vc_custom_heading text=&#8221;I NOSTRI ORARI:&#8221; font_container=&#8221;tag:h3|text_align:center|color:%23d4af37&#8243;][\/vc_column][vc_column width=&#8221;1\/4&#8243;][\/vc_column][\/vc_row][vc_row gap=&#8221;30&#8243; css=&#8221;.vc_custom_1686478285076{margin-left: 50px !important;}&#8221;][vc_column width=&#8221;1\/4&#8243;][\/vc_column][vc_column width=&#8221;1\/4&#8243;][vc_custom_heading text=&#8221;<i>Dal Mercoled\u00ec al luned\u00ec<\/i>&#8221; font_container=&#8221;tag:h5|font_size:20px|text_align:center|color:%23d4af37&#8243; use_theme_fonts=&#8221;yes&#8221; css=&#8221;.vc_custom_1709063724797{margin-bottom: 0px !important;}&#8221;][vc_custom_heading text=&#8221;12:30 &#8211; 14:30<br \/>\n20:00 &#8211; 22:30&#8243; font_container=&#8221;tag:h2|font_size:20px|text_align:center|color:%23d4af37&#8243; use_theme_fonts=&#8221;yes&#8221;][\/vc_column][vc_column width=&#8221;1\/4&#8243;][vc_custom_heading text=&#8221;<i>Marted\u00ec<\/i>&#8221; font_container=&#8221;tag:h5|font_size:20px|text_align:center|color:%23d4af37&#8243; use_theme_fonts=&#8221;yes&#8221; css=&#8221;.vc_custom_1709063730850{margin-bottom: 0px !important;}&#8221;][vc_custom_heading text=&#8221;Chiuso&#8221; font_container=&#8221;tag:h2|font_size:20px|text_align:center|color:%23d4af37&#8243; use_theme_fonts=&#8221;yes&#8221;][\/vc_column][vc_column width=&#8221;1\/4&#8243;][\/vc_column][\/vc_row]<\/p>\n","protected":false},"excerpt":{"rendered":"<p>[vc_row full_width=&#8221;stretch_row_content_no_spaces&#8221; css=&#8221;.vc_custom_1480955305727{margin-top: -60px !important;}&#8221;][vc_column][rev_slider_vc alias=&#8221;Home&#8221;][\/vc_column][\/vc_row][vc_row equal_height=&#8221;yes&#8221; content_placement=&#8221;middle&#8221; css=&#8221;.vc_custom_1724413432240{padding-top: 30px !important;padding-bottom: 30px !important;}&#8221;][vc_column width=&#8221;1\/6&#8243;][\/vc_column][vc_column width=&#8221;2\/3&#8243;][vc_custom_heading text=&#8221;Se il futuro \u00e8 nei piatti d\u2019antan&#8221; font_container=&#8221;tag:h2|font_size:35px|text_align:left|color:%23d4af37&#8243; use_theme_fonts=&#8221;yes&#8221;][vc_column_text]Uno scrigno di profumi e sapori nel quale si riflettono le montagne circostanti. Basta qualche portata per rendersi conto di essere nel posto giusto per mangiare, seguendo il ritmo delle stagioni, un\u2019insalata [&hellip;]<\/p>\n","protected":false},"author":1,"featured_media":0,"parent":0,"menu_order":0,"comment_status":"closed","ping_status":"closed","template":"","meta":{"_themeisle_gutenberg_block_has_review":false,"footnotes":""},"class_list":["post-243","page","type-page","status-publish","hentry"],"jetpack_sharing_enabled":true,"_links":{"self":[{"href":"https:\/\/www.ristorantevallidilanzo.eu\/index.php?rest_route=\/wp\/v2\/pages\/243","targetHints":{"allow":["GET"]}}],"collection":[{"href":"https:\/\/www.ristorantevallidilanzo.eu\/index.php?rest_route=\/wp\/v2\/pages"}],"about":[{"href":"https:\/\/www.ristorantevallidilanzo.eu\/index.php?rest_route=\/wp\/v2\/types\/page"}],"author":[{"embeddable":true,"href":"https:\/\/www.ristorantevallidilanzo.eu\/index.php?rest_route=\/wp\/v2\/users\/1"}],"replies":[{"embeddable":true,"href":"https:\/\/www.ristorantevallidilanzo.eu\/index.php?rest_route=%2Fwp%2Fv2%2Fcomments&post=243"}],"version-history":[{"count":144,"href":"https:\/\/www.ristorantevallidilanzo.eu\/index.php?rest_route=\/wp\/v2\/pages\/243\/revisions"}],"predecessor-version":[{"id":1257,"href":"https:\/\/www.ristorantevallidilanzo.eu\/index.php?rest_route=\/wp\/v2\/pages\/243\/revisions\/1257"}],"wp:attachment":[{"href":"https:\/\/www.ristorantevallidilanzo.eu\/index.php?rest_route=%2Fwp%2Fv2%2Fmedia&parent=243"}],"curies":[{"name":"wp","href":"https:\/\/api.w.org\/{rel}","templated":true}]}}