{"id":428,"date":"2022-11-01T21:46:21","date_gmt":"2022-11-01T20:46:21","guid":{"rendered":"https:\/\/www.ristorantevallidilanzo.eu\/?page_id=428"},"modified":"2024-08-23T13:53:31","modified_gmt":"2024-08-23T11:53:31","slug":"dove-siamo","status":"publish","type":"page","link":"https:\/\/www.ristorantevallidilanzo.eu\/?page_id=428","title":{"rendered":"Dove siamo"},"content":{"rendered":"<p>[vc_row full_width=&#8221;stretch_row_content_no_spaces&#8221; content_placement=&#8221;top&#8221; css=&#8221;.vc_custom_1686485892660{margin-top: -60px !important;}&#8221;][vc_column]\n\t\t\t<!-- START Dove siamo REVOLUTION SLIDER 6.5.5 --><p class=\"rs-p-wp-fix\"><\/p>\n\t\t\t<rs-module-wrap id=\"rev_slider_11_1_wrapper\" data-source=\"gallery\" style=\"visibility:hidden;background:transparent;padding:0;margin:0px auto;margin-top:0;margin-bottom:0;max-width:;\">\n\t\t\t\t<rs-module id=\"rev_slider_11_1\" style=\"\" data-version=\"6.5.5\">\n\t\t\t\t\t<rs-slides>\n\t\t\t\t\t\t<rs-slide style=\"position: absolute;\" data-key=\"rs-22\" data-title=\"Slide\" data-thumb=\"\/\/www.ristorantevallidilanzo.eu\/wp-content\/uploads\/2022\/11\/0X3A5329-Large-100x50.jpg\" data-anim=\"ms:300ms;\" data-in=\"o:0;\" data-out=\"a:false;\">\n\t\t\t\t\t\t\t<img loading=\"lazy\" decoding=\"async\" src=\"\/\/www.ristorantevallidilanzo.eu\/wp-content\/plugins\/revslider\/public\/assets\/assets\/dummy.png\" title=\"0X3A5329 (Large)\" width=\"1620\" height=\"1080\" class=\"rev-slidebg tp-rs-img rs-lazyload\" data-lazyload=\"\/\/www.ristorantevallidilanzo.eu\/wp-content\/uploads\/2022\/11\/0X3A5329-Large.jpg\" data-bg=\"p:center bottom;\" data-no-retina>\n<!---->\t\t\t\t\t\t<\/rs-slide>\n\t\t\t\t\t\t<rs-slide style=\"position: absolute;\" data-key=\"rs-23\" data-title=\"Slide\" data-thumb=\"\/\/www.ristorantevallidilanzo.eu\/wp-content\/uploads\/2022\/11\/0X3A5335-Large-100x50.jpg\" data-anim=\"ms:300ms;\" data-in=\"o:0;\" data-out=\"a:false;\">\n\t\t\t\t\t\t\t<img loading=\"lazy\" decoding=\"async\" src=\"\/\/www.ristorantevallidilanzo.eu\/wp-content\/plugins\/revslider\/public\/assets\/assets\/dummy.png\" title=\"0X3A5335 (Large)\" width=\"1620\" height=\"1080\" class=\"rev-slidebg tp-rs-img rs-lazyload\" data-lazyload=\"\/\/www.ristorantevallidilanzo.eu\/wp-content\/uploads\/2022\/11\/0X3A5335-Large.jpg\" data-no-retina>\n<!---->\t\t\t\t\t\t<\/rs-slide>\n\t\t\t\t\t\t<rs-slide style=\"position: absolute;\" data-key=\"rs-38\" data-title=\"Slide\" data-thumb=\"\/\/www.ristorantevallidilanzo.eu\/wp-content\/uploads\/2022\/11\/0X3A5329-Large-100x50.jpg\" data-anim=\"ms:300ms;\" data-in=\"o:0;\" data-out=\"a:false;\">\n\t\t\t\t\t\t\t<img loading=\"lazy\" decoding=\"async\" src=\"\/\/www.ristorantevallidilanzo.eu\/wp-content\/plugins\/revslider\/public\/assets\/assets\/dummy.png\" title=\"0X3A5329 (Large)\" width=\"1620\" height=\"1080\" class=\"rev-slidebg tp-rs-img rs-lazyload\" data-lazyload=\"\/\/www.ristorantevallidilanzo.eu\/wp-content\/uploads\/2022\/11\/0X3A5329-Large.jpg\" data-no-retina>\n<!---->\t\t\t\t\t\t<\/rs-slide>\n\t\t\t\t\t<\/rs-slides>\n\t\t\t\t\t<rs-static-layers><!--\n\t\t\t\t\t--><\/rs-static-layers>\n\t\t\t\t<\/rs-module>\n\t\t\t\t<script type=\"text\/javascript\">\n\t\t\t\t\tsetREVStartSize({c: 'rev_slider_11_1',rl:[1240,1240,778,480],el:[500,500,750,600],gw:[1600,1600,778,480],gh:[500,500,750,600],type:'standard',justify:'',layout:'fullwidth',mh:\"0\"});if (window.RS_MODULES!==undefined && window.RS_MODULES.modules!==undefined && window.RS_MODULES.modules[\"revslider111\"]!==undefined) {window.RS_MODULES.modules[\"revslider111\"].once = false;window.revapi11 = undefined;window.RS_MODULES.checkMinimal()}\n\t\t\t\t<\/script>\n\t\t\t<\/rs-module-wrap>\n\t\t\t<!-- END REVOLUTION SLIDER -->\n[\/vc_column][\/vc_row][vc_row full_height=&#8221;yes&#8221;][vc_column width=&#8221;1\/4&#8243;][\/vc_column][vc_column width=&#8221;1\/2&#8243;][vc_column_text]<\/p>\n<h1 style=\"text-align: center;\"><strong><span style=\"color: #d4af37;\">Nel cuore di un paese di montagna<\/span><\/strong><\/h1>\n<p><strong>\u00a0<\/strong><span style=\"color: #d4af37;\">Ci arriverete, da Torino, in poco pi\u00f9 di mezz\u2019ora. Meno del tempo che in molti siamo costretti a vivere ogni giorno in auto nel caotico ritmo della citt\u00e0. Qui per\u00f2 tutto sar\u00e0 diverso: la strada scorrevole, l\u2019aria pulita, il panorama disegnato dal profilo delle montagne, il centro storico suggestivo e ricuperato con cura. Ed \u00e8 proprio qui, nel cuore di Ceres, che vi si apriranno le porte di un ristorante inatteso, dove legno e mattoni si intrecciano per creare un\u2019atmosfera perfettamente in linea con l\u2019essenziale qualit\u00e0 proposta dalla cucina.<\/span>[\/vc_column_text][\/vc_column][vc_column width=&#8221;1\/4&#8243;][\/vc_column][\/vc_row][vc_row][vc_column][vc_gmaps link=&#8221;#E-8_JTNDaWZyYW1lJTIwc3JjJTNEJTIyaHR0cHMlM0ElMkYlMkZ3d3cuZ29vZ2xlLmNvbSUyRm1hcHMlMkZlbWJlZCUzRnBiJTNEJTIxMW0xOCUyMTFtMTIlMjExbTMlMjExZDI4MDUuNjkxOTk1NjkzODE4JTIxMmQ3LjM4NjAwMzQxNTY3NDA0MSUyMTNkNDUuMzE0NjQ3MDc5MDk5NDklMjEybTMlMjExZjAlMjEyZjAlMjEzZjAlMjEzbTIlMjExaTEwMjQlMjEyaTc2OCUyMTRmMTMuMSUyMTNtMyUyMTFtMiUyMTFzMHg0Nzg4NTc2ZGZiZDI2ZTM3JTI1M0EweDg2OGJhODdjYjRmZjdkOGElMjEyc0FsYmVyZ28lMjUyMFJpc3RvcmFudGUlMjUyMFZhbGxpJTI1MjBkaSUyNTIwTGFuem8lMjE1ZTAlMjEzbTIlMjExc2l0JTIxMnNpdCUyMTR2MTY2NzMzNTcxOTU5NCUyMTVtMiUyMTFzaXQlMjEyc2l0JTIyJTIwd2lkdGglM0QlMjI2MDAlMjIlMjBoZWlnaHQlM0QlMjI0NTAlMjIlMjBzdHlsZSUzRCUyMmJvcmRlciUzQTAlM0IlMjIlMjBhbGxvd2Z1bGxzY3JlZW4lM0QlMjIlMjIlMjBsb2FkaW5nJTNEJTIybGF6eSUyMiUyMHJlZmVycmVycG9saWN5JTNEJTIybm8tcmVmZXJyZXItd2hlbi1kb3duZ3JhZGUlMjIlM0UlM0MlMkZpZnJhbWUlM0U=&#8221;][\/vc_column][\/vc_row]<\/p>\n","protected":false},"excerpt":{"rendered":"<p>[vc_row full_width=&#8221;stretch_row_content_no_spaces&#8221; content_placement=&#8221;top&#8221; css=&#8221;.vc_custom_1686485892660{margin-top: -60px !important;}&#8221;][vc_column][\/vc_column][\/vc_row][vc_row full_height=&#8221;yes&#8221;][vc_column width=&#8221;1\/4&#8243;][\/vc_column][vc_column width=&#8221;1\/2&#8243;][vc_column_text] Nel cuore di un paese di montagna \u00a0Ci arriverete, da Torino, in poco pi\u00f9 di mezz\u2019ora. Meno del tempo che in molti siamo costretti a vivere ogni giorno in auto nel caotico ritmo della citt\u00e0. Qui per\u00f2 tutto sar\u00e0 diverso: la strada scorrevole, l\u2019aria pulita, il [&hellip;]<\/p>\n","protected":false},"author":1,"featured_media":0,"parent":0,"menu_order":0,"comment_status":"closed","ping_status":"closed","template":"","meta":{"_themeisle_gutenberg_block_has_review":false,"footnotes":""},"class_list":["post-428","page","type-page","status-publish","hentry"],"jetpack_sharing_enabled":true,"_links":{"self":[{"href":"https:\/\/www.ristorantevallidilanzo.eu\/index.php?rest_route=\/wp\/v2\/pages\/428","targetHints":{"allow":["GET"]}}],"collection":[{"href":"https:\/\/www.ristorantevallidilanzo.eu\/index.php?rest_route=\/wp\/v2\/pages"}],"about":[{"href":"https:\/\/www.ristorantevallidilanzo.eu\/index.php?rest_route=\/wp\/v2\/types\/page"}],"author":[{"embeddable":true,"href":"https:\/\/www.ristorantevallidilanzo.eu\/index.php?rest_route=\/wp\/v2\/users\/1"}],"replies":[{"embeddable":true,"href":"https:\/\/www.ristorantevallidilanzo.eu\/index.php?rest_route=%2Fwp%2Fv2%2Fcomments&post=428"}],"version-history":[{"count":40,"href":"https:\/\/www.ristorantevallidilanzo.eu\/index.php?rest_route=\/wp\/v2\/pages\/428\/revisions"}],"predecessor-version":[{"id":1272,"href":"https:\/\/www.ristorantevallidilanzo.eu\/index.php?rest_route=\/wp\/v2\/pages\/428\/revisions\/1272"}],"wp:attachment":[{"href":"https:\/\/www.ristorantevallidilanzo.eu\/index.php?rest_route=%2Fwp%2Fv2%2Fmedia&parent=428"}],"curies":[{"name":"wp","href":"https:\/\/api.w.org\/{rel}","templated":true}]}}