{"id":450,"date":"2022-11-06T11:11:41","date_gmt":"2022-11-06T10:11:41","guid":{"rendered":"https:\/\/www.ristorantevallidilanzo.eu\/?page_id=450"},"modified":"2024-08-23T13:58:49","modified_gmt":"2024-08-23T11:58:49","slug":"ilristorante","status":"publish","type":"page","link":"https:\/\/www.ristorantevallidilanzo.eu\/?page_id=450","title":{"rendered":"Il ristorante"},"content":{"rendered":"<p>[vc_row full_width=&#8221;stretch_row_content_no_spaces&#8221; css=&#8221;.vc_custom_1480958900899{margin-top: -60px !important;}&#8221;][vc_column][rev_slider_vc alias=&#8221;Ristorante&#8221;][\/vc_column][\/vc_row][vc_row full_width=&#8221;stretch_row_content_no_spaces&#8221; css=&#8221;.vc_custom_1686487009723{margin-bottom: 0px !important;padding-bottom: 0px !important;background-color: #ffffff !important;}&#8221;][vc_column width=&#8221;1\/6&#8243;][\/vc_column][vc_column width=&#8221;2\/3&#8243;][vc_column_text]<\/p>\n<p style=\"text-align: center;\"><span style=\"color: #d4af37;\">Il <em>bien vivre<\/em> \u00e8 un\u2019arte! E qui il <em>bien vivre<\/em> \u00e8 talmente di casa da essere divenuto la stessa stella polare del ristorante. Nelle sue sale si respira un\u2019essenziale eleganza, del tutto in linea con la sobriet\u00e0 di quelle \u201cterre alte\u201d di cui il locale intende esprime efficacemente la tradizione enogastronomica. Dai pavimenti alle volte, dai lampadari all\u2019arredamento, dalle tavole alle sedie tutto contribuisce a creare una calda atmosfera, capace di far da cornice ad un pranzo o ad una cena destinati a trasformarsi in un\u2019esperienza inconsueta.<\/span><\/p>\n<p>[\/vc_column_text][vc_column_text]<\/p>\n<p style=\"text-align: center;\"><span style=\"color: #d4af37;\">La cucina, guidata da Samuele, continua a radicarsi nella solida esperienza di Francesco, mentre la sala viene seguita da Mara.<\/span><\/p>\n<p>[\/vc_column_text][vc_column_text]<\/p>\n<h1 style=\"text-align: center;\"><span style=\"color: #d4af37;\"><strong>Francesco<br \/>\n<\/strong><\/span><\/h1>\n<p>[\/vc_column_text][vc_column_text]<\/p>\n<p style=\"text-align: center;\"><span style=\"color: #d4af37;\">Vissuto in una cascina con annessa osteria, quasi per gioco apre una trattoria nelle valli di Lanzo. Sulla scia del successo ottenuto d\u00e0 vita a Ciri\u00e8 al \u201cNuovo Carretto\u201d, che ben presto raccoglie i consensi sia per la qualit\u00e0 della cucina che per la straordinariet\u00e0 della cantina. Poi una nuova svolta: aprire a Ceres il \u201cRistorante Albergo Valli di Lanzo\u201d per ritornare alle origini e ripensare la sua cucina legandola definitivamente alla montagna e ai suoi prodotti. <\/span><\/p>\n<p>[\/vc_column_text][vc_separator][vc_column_text]<\/p>\n<h1 style=\"text-align: center;\"><span style=\"color: #d4af37;\"><strong>Samuele<br \/>\n<\/strong><\/span><\/h1>\n<p>[\/vc_column_text][vc_column_text]<\/p>\n<p style=\"text-align: center;\"><span style=\"color: #d4af37;\">Alunno dell&#8217;Istituto Alberghiero di Lanzo, trova il suo primo lavoro al \u201cNuovo Carretto\u201d. Qui incontra Francesco, destinato a diventare il punto di riferimento di una crescita consolidatasi nel tempo. Cos\u00ec, dopo ben diciassette anni di stretta collaborazione, Francesco lo vuole come socio e chef nella sua nuova avventura a Ceres. Ed \u00e8 qui che Samuele sta dando il meglio di s\u00e9, imprimendo alla cucina del nuovo ristorante una nota personalissima.<\/span><\/p>\n<p>[\/vc_column_text][vc_separator][vc_column_text]<\/p>\n<h1 style=\"text-align: center;\"><span style=\"color: #d4af37;\"><strong>Mara<br \/>\n<\/strong><\/span><\/h1>\n<p>[\/vc_column_text][vc_column_text]<\/p>\n<p style=\"text-align: center;\"><span style=\"color: #d4af37;\">Se la cucina \u00e8 guidata con mano sicura da Francesco e Samuele, a gestire la sala \u00e8 Mara, la cui presenza discreta gioca un ruolo ben pi\u00f9 decisivo di quello che potrebbe apparire. \u00c8 da lei che gli ambienti nei quali si pranza o si cena ricevono quell\u2019originale imprinting capace di renderli ad un tempo eleganti e sobri: tratti distintivi che si tradurranno, sul piano del servizio coordinato da Mara, in una raffinatezza ed essenzialit\u00e0 che sanno coniugare affabilit\u00e0 e professionalit\u00e0, senza mai risultare invadenti.<\/span><\/p>\n<p>[\/vc_column_text][\/vc_column][vc_column width=&#8221;1\/6&#8243;][\/vc_column][\/vc_row]<\/p>\n","protected":false},"excerpt":{"rendered":"<p>[vc_row full_width=&#8221;stretch_row_content_no_spaces&#8221; css=&#8221;.vc_custom_1480958900899{margin-top: -60px !important;}&#8221;][vc_column][rev_slider_vc alias=&#8221;Ristorante&#8221;][\/vc_column][\/vc_row][vc_row full_width=&#8221;stretch_row_content_no_spaces&#8221; css=&#8221;.vc_custom_1686487009723{margin-bottom: 0px !important;padding-bottom: 0px !important;background-color: #ffffff !important;}&#8221;][vc_column width=&#8221;1\/6&#8243;][\/vc_column][vc_column width=&#8221;2\/3&#8243;][vc_column_text] Il bien vivre \u00e8 un\u2019arte! E qui il bien vivre \u00e8 talmente di casa da essere divenuto la stessa stella polare del ristorante. Nelle sue sale si respira un\u2019essenziale eleganza, del tutto in linea con la sobriet\u00e0 di quelle [&hellip;]<\/p>\n","protected":false},"author":1,"featured_media":0,"parent":0,"menu_order":0,"comment_status":"closed","ping_status":"closed","template":"","meta":{"_themeisle_gutenberg_block_has_review":false,"footnotes":""},"class_list":["post-450","page","type-page","status-publish","hentry"],"jetpack_sharing_enabled":true,"_links":{"self":[{"href":"https:\/\/www.ristorantevallidilanzo.eu\/index.php?rest_route=\/wp\/v2\/pages\/450","targetHints":{"allow":["GET"]}}],"collection":[{"href":"https:\/\/www.ristorantevallidilanzo.eu\/index.php?rest_route=\/wp\/v2\/pages"}],"about":[{"href":"https:\/\/www.ristorantevallidilanzo.eu\/index.php?rest_route=\/wp\/v2\/types\/page"}],"author":[{"embeddable":true,"href":"https:\/\/www.ristorantevallidilanzo.eu\/index.php?rest_route=\/wp\/v2\/users\/1"}],"replies":[{"embeddable":true,"href":"https:\/\/www.ristorantevallidilanzo.eu\/index.php?rest_route=%2Fwp%2Fv2%2Fcomments&post=450"}],"version-history":[{"count":56,"href":"https:\/\/www.ristorantevallidilanzo.eu\/index.php?rest_route=\/wp\/v2\/pages\/450\/revisions"}],"predecessor-version":[{"id":1279,"href":"https:\/\/www.ristorantevallidilanzo.eu\/index.php?rest_route=\/wp\/v2\/pages\/450\/revisions\/1279"}],"wp:attachment":[{"href":"https:\/\/www.ristorantevallidilanzo.eu\/index.php?rest_route=%2Fwp%2Fv2%2Fmedia&parent=450"}],"curies":[{"name":"wp","href":"https:\/\/api.w.org\/{rel}","templated":true}]}}